{"id":1724,"date":"2018-11-01T22:37:05","date_gmt":"2018-11-01T21:37:05","guid":{"rendered":"https:\/\/www.colayco.ch\/?page_id=1724"},"modified":"2022-01-08T18:57:55","modified_gmt":"2022-01-08T17:57:55","slug":"cgv","status":"publish","type":"page","link":"https:\/\/www.colayco.ch\/en\/cgv\/","title":{"rendered":"Terms and conditions of sale"},"content":{"rendered":"<p>The jewelry, photos and texts present on the site are the property of Colayco. A Swiss company with a recognized master hallmark, located at Grand\u2019Rue 8 \u2013 2034 Peseux, Switzerland.<\/p>\n<p><strong>Orders<\/strong><\/p>\n<p>The order will be executed in accordance with the description of the item and upon receipt of full payment, including shipping fees. In the event of unavailability of the ordered product, the customer will be informed as soon as possible and will have the option to cancel the order. The consumer will then have the choice to either request a refund of the amounts paid within 30 days at the latest from their payment, or exchange the product. Automatic recording systems are considered as evidence of the nature, content, and date of the order. Colayco confirms the acceptance of the order to the customer at the email address provided by the customer. The sale will only be concluded upon confirmation of the order and receipt of the total amount of the order. Colayco reserves the right to cancel any order from a customer with whom there is a dispute.<\/p>\n<p>The information provided by the buyer during the ordering process binds them: in the event of an error in the recipient's address details, the seller cannot be held responsible for any inability to deliver the product. The price indicated on the product sheets does not include transportation.<\/p>\n<p>For all orders, shipping costs are free. Jewelry will be dispatched promptly. For any order of unique pieces or jewelry, delivery times will be communicated by email to the buyer, with an average delivery time of two months.<\/p>\n<p><strong>Delivery time<\/strong><\/p>\n<p>Silver jewelry has a delivery time of 2-3 business days.<\/p>\n<p>Gold jewelry is not in stock and has a manufacturing and shipping time of approximately 4 weeks from the receipt of the order and payment. These are sent by registered mail.<\/p>\n<p><strong>Warranty<\/strong><\/p>\n<p>Our jewelry is guaranteed for one year for any manufacturing defects \u2013 theft, loss, and any inappropriate use are excluded. In the case of orders to a country other than Switzerland, customs duties or other local taxes may be required. These rights and amounts are not within the jurisdiction of Colayco. They will be the responsibility of the buyer and will be entirely under their responsibility in terms of declarations and payments to the authorities and competent organizations of their country. We recommend contacting local authorities.<\/p>\n<p><strong>Payment<\/strong><\/p>\n<p>Payment is made by bank transfer or through the world's leading secure online payment providers, namely PayPal or Stripe. The customer can use their credit card without the need to subscribe to the PayPal service or use their PayPal account if they have one. If the buyer is not satisfied with the delivered product, they have a period of 7 days from the receipt of the delivery to return the items intact in their original packaging. This guarantee is not valid for items made to order, known as 'Pi\u00e8ce Unique' (Unique Piece). As these items are specifically made for a customer, they cannot under any circumstances be returned, exchanged, or refunded.<\/p>\n<p>Thank you for contacting us with any questions.<\/p>","protected":false},"excerpt":{"rendered":"<p>Les bijoux, photos et textes pr\u00e9sents sur le site sont la propri\u00e9t\u00e9 de Colayco. Entreprise Suisse avec poin\u00e7on de maitre reconnu, \u00e9tabli \u00e0 Grand&rsquo;Rue 8 &#8211; 2034 Peseux, Suisse. Commande La commande sera ex\u00e9cut\u00e9e conform\u00e9ment au descriptif de l&rsquo;article et apr\u00e8s r\u00e9ception du paiement complet avec les frais de port.&hellip;<\/p>","protected":false},"author":1,"featured_media":0,"parent":0,"menu_order":0,"comment_status":"closed","ping_status":"closed","template":"","meta":{"footnotes":""},"class_list":["post-1724","page","type-page","status-publish","hentry"],"_links":{"self":[{"href":"https:\/\/www.colayco.ch\/en\/wp-json\/wp\/v2\/pages\/1724","targetHints":{"allow":["GET"]}}],"collection":[{"href":"https:\/\/www.colayco.ch\/en\/wp-json\/wp\/v2\/pages"}],"about":[{"href":"https:\/\/www.colayco.ch\/en\/wp-json\/wp\/v2\/types\/page"}],"author":[{"embeddable":true,"href":"https:\/\/www.colayco.ch\/en\/wp-json\/wp\/v2\/users\/1"}],"replies":[{"embeddable":true,"href":"https:\/\/www.colayco.ch\/en\/wp-json\/wp\/v2\/comments?post=1724"}],"version-history":[{"count":4,"href":"https:\/\/www.colayco.ch\/en\/wp-json\/wp\/v2\/pages\/1724\/revisions"}],"predecessor-version":[{"id":34922,"href":"https:\/\/www.colayco.ch\/en\/wp-json\/wp\/v2\/pages\/1724\/revisions\/34922"}],"wp:attachment":[{"href":"https:\/\/www.colayco.ch\/en\/wp-json\/wp\/v2\/media?parent=1724"}],"curies":[{"name":"wp","href":"https:\/\/api.w.org\/{rel}","templated":true}]}}