{"id":9095,"date":"2020-01-13T06:50:18","date_gmt":"2020-01-13T06:50:18","guid":{"rendered":"https:\/\/wpbingosite.com\/wordpress\/moonte\/?page_id=9095"},"modified":"2024-10-01T09:38:20","modified_gmt":"2024-10-01T07:38:20","slug":"alliances","status":"publish","type":"page","link":"https:\/\/www.colayco.ch\/en\/alliances\/","title":{"rendered":"Wedding bands"},"content":{"rendered":"\t\t<div data-elementor-type=\"wp-page\" data-elementor-id=\"9095\" class=\"elementor elementor-9095\" data-elementor-post-type=\"page\">\n\t\t\t\t\t\t<section class=\"elementor-section elementor-top-section elementor-element elementor-element-4098619 elementor-section-boxed elementor-section-height-default elementor-section-height-default\" data-id=\"4098619\" data-element_type=\"section\" data-e-type=\"section\">\n\t\t\t\t\t\t<div class=\"elementor-container elementor-column-gap-default\">\n\t\t\t\t\t<div class=\"elementor-column elementor-col-100 elementor-top-column elementor-element elementor-element-119739e\" data-id=\"119739e\" data-element_type=\"column\" data-e-type=\"column\">\n\t\t\t<div class=\"elementor-widget-wrap elementor-element-populated\">\n\t\t\t\t\t\t<div class=\"elementor-element elementor-element-3dcc7be elementor-widget elementor-widget-text-editor\" data-id=\"3dcc7be\" data-element_type=\"widget\" data-e-type=\"widget\" data-widget_type=\"text-editor.default\">\n\t\t\t\t<div class=\"elementor-widget-container\">\n\t\t\t\t\t\t\t\t\t<p>Colayco propose un service de cr\u00e9ation d&rsquo;alliances sur rendez-vous et sur devis. Nous sommes convaincus que chaque client est unique et m\u00e9rite une solution sur mesure, adapt\u00e9e \u00e0 ses besoins sp\u00e9cifiques.<\/p>\n<p>Nous travaillons en \u00e9troite collaboration avec nos clients pour cr\u00e9er des alliances personnalis\u00e9es qui refl\u00e8tent leur style et leurs pr\u00e9f\u00e9rences. Nous sommes \u00e0 l&rsquo;\u00e9coute de chaque client pour comprendre ses besoins et proposer des solutions qui r\u00e9pondent \u00e0 leurs attentes.<\/p>\t\t\t\t\t\t\t\t<\/div>\n\t\t\t\t<\/div>\n\t\t\t\t<div class=\"elementor-element elementor-element-a68575a elementor-widget elementor-widget-image\" data-id=\"a68575a\" data-element_type=\"widget\" data-e-type=\"widget\" data-widget_type=\"image.default\">\n\t\t\t\t<div class=\"elementor-widget-container\">\n\t\t\t\t\t\t\t\t\t\t\t\t\t\t\t<img fetchpriority=\"high\" decoding=\"async\" width=\"768\" height=\"1024\" src=\"https:\/\/www.colayco.ch\/wp-content\/uploads\/2023\/11\/DSC_2283-113x150.webp\" class=\"attachment-large size-large wp-image-38425 et-lazyload lazyload\" alt=\"\" data-src=\"https:\/\/www.colayco.ch\/wp-content\/uploads\/2023\/11\/DSC_2283-768x1024.webp\" data-sizes=\"(max-width: 768px) 100vw, 768px\" data-srcset=\"https:\/\/www.colayco.ch\/wp-content\/uploads\/2023\/11\/DSC_2283-768x1024.webp 768w, https:\/\/www.colayco.ch\/wp-content\/uploads\/2023\/11\/DSC_2283-225x300.webp 225w, https:\/\/www.colayco.ch\/wp-content\/uploads\/2023\/11\/DSC_2283-1152x1536.webp 1152w, https:\/\/www.colayco.ch\/wp-content\/uploads\/2023\/11\/DSC_2283-1536x2048.webp 1536w, https:\/\/www.colayco.ch\/wp-content\/uploads\/2023\/11\/DSC_2283-9x12.webp 9w, https:\/\/www.colayco.ch\/wp-content\/uploads\/2023\/11\/DSC_2283-113x150.webp 113w, https:\/\/www.colayco.ch\/wp-content\/uploads\/2023\/11\/DSC_2283-900x1200.webp 900w, https:\/\/www.colayco.ch\/wp-content\/uploads\/2023\/11\/DSC_2283-scaled.webp 1920w\" srcset=\"https:\/\/www.colayco.ch\/wp-content\/uploads\/2023\/11\/DSC_2283-113x150.webp 113w, https:\/\/www.colayco.ch\/wp-content\/uploads\/2023\/11\/DSC_2283-225x300.webp 225w, https:\/\/www.colayco.ch\/wp-content\/uploads\/2023\/11\/DSC_2283-768x1024.webp 768w, https:\/\/www.colayco.ch\/wp-content\/uploads\/2023\/11\/DSC_2283-1152x1536.webp 1152w, https:\/\/www.colayco.ch\/wp-content\/uploads\/2023\/11\/DSC_2283-1536x2048.webp 1536w, https:\/\/www.colayco.ch\/wp-content\/uploads\/2023\/11\/DSC_2283-9x12.webp 9w, https:\/\/www.colayco.ch\/wp-content\/uploads\/2023\/11\/DSC_2283-900x1200.webp 900w, https:\/\/www.colayco.ch\/wp-content\/uploads\/2023\/11\/DSC_2283-scaled.webp 1920w\" sizes=\"(max-width: 768px) 100vw, 768px\" \/>\t\t\t\t\t\t\t\t\t\t\t\t\t\t\t<\/div>\n\t\t\t\t<\/div>\n\t\t\t\t<div class=\"elementor-element elementor-element-2ec5f4e elementor-widget elementor-widget-text-editor\" data-id=\"2ec5f4e\" data-element_type=\"widget\" data-e-type=\"widget\" data-widget_type=\"text-editor.default\">\n\t\t\t\t<div class=\"elementor-widget-container\">\n\t\t\t\t\t\t\t\t\t<p><span style=\"letter-spacing: 0.2px;\">Nous offrons le rendez-vous pour discuter en d\u00e9tails de chaque projet et&nbsp;sommes l\u00e0 pour vous conseiller et vous guider tout au long du processus de cr\u00e9ation.<\/span><br><\/p>\n<p>Enfin, nous proposons des devis transparents et d\u00e9taill\u00e9s pour chaque projet.<\/p>\n<p>Si vous cherchez des alliances personnalis\u00e9es de haute qualit\u00e9 n&rsquo;h\u00e9sitez pas \u00e0 nous contacter, nous serons heureux de vous aider \u00e0 r\u00e9aliser votre projet<\/p>\t\t\t\t\t\t\t\t<\/div>\n\t\t\t\t<\/div>\n\t\t\t\t<div class=\"elementor-element elementor-element-e9f8890 elementor-widget elementor-widget-image\" data-id=\"e9f8890\" data-element_type=\"widget\" data-e-type=\"widget\" data-widget_type=\"image.default\">\n\t\t\t\t<div class=\"elementor-widget-container\">\n\t\t\t\t\t\t\t\t\t\t\t\t\t\t\t<img decoding=\"async\" width=\"770\" height=\"770\" src=\"https:\/\/www.colayco.ch\/wp-content\/uploads\/2023\/04\/DSC_06610-150x150.webp\" class=\"attachment-large size-large wp-image-36829 et-lazyload lazyload\" alt=\"\" data-src=\"https:\/\/www.colayco.ch\/wp-content\/uploads\/2023\/04\/DSC_06610-jpg.webp\" data-sizes=\"(max-width: 770px) 100vw, 770px\" data-srcset=\"https:\/\/www.colayco.ch\/wp-content\/uploads\/2023\/04\/DSC_06610-jpg.webp 770w, https:\/\/www.colayco.ch\/wp-content\/uploads\/2023\/04\/DSC_06610-jpg-100x100.webp 100w, https:\/\/www.colayco.ch\/wp-content\/uploads\/2023\/04\/DSC_06610-300x300.webp 300w, https:\/\/www.colayco.ch\/wp-content\/uploads\/2023\/04\/DSC_06610-150x150.webp 150w, https:\/\/www.colayco.ch\/wp-content\/uploads\/2023\/04\/DSC_06610-768x768.webp 768w\" srcset=\"https:\/\/www.colayco.ch\/wp-content\/uploads\/2023\/04\/DSC_06610-150x150.webp 150w, https:\/\/www.colayco.ch\/wp-content\/uploads\/2023\/04\/DSC_06610-jpg-100x100.webp 100w, https:\/\/www.colayco.ch\/wp-content\/uploads\/2023\/04\/DSC_06610-300x300.webp 300w, https:\/\/www.colayco.ch\/wp-content\/uploads\/2023\/04\/DSC_06610-768x768.webp 768w, https:\/\/www.colayco.ch\/wp-content\/uploads\/2023\/04\/DSC_06610-jpg.webp 770w\" sizes=\"(max-width: 770px) 100vw, 770px\" \/>\t\t\t\t\t\t\t\t\t\t\t\t\t\t\t<\/div>\n\t\t\t\t<\/div>\n\t\t\t\t\t<\/div>\n\t\t<\/div>\n\t\t\t\t\t<\/div>\n\t\t<\/section>\n\t\t\t\t<section class=\"elementor-section elementor-top-section elementor-element elementor-element-e5bc204 elementor-section-boxed elementor-section-height-default elementor-section-height-default\" data-id=\"e5bc204\" data-element_type=\"section\" data-e-type=\"section\">\n\t\t\t\t\t\t<div class=\"elementor-container elementor-column-gap-default\">\n\t\t\t\t\t<div class=\"elementor-column elementor-col-100 elementor-top-column elementor-element elementor-element-29ba581\" data-id=\"29ba581\" data-element_type=\"column\" data-e-type=\"column\">\n\t\t\t<div class=\"elementor-widget-wrap elementor-element-populated\">\n\t\t\t\t\t\t<div class=\"elementor-element elementor-element-1147550 elementor-button-align-stretch elementor-widget elementor-widget-form\" data-id=\"1147550\" data-element_type=\"widget\" data-e-type=\"widget\" data-settings=\"{&quot;step_next_label&quot;:&quot;Next&quot;,&quot;step_previous_label&quot;:&quot;Previous&quot;,&quot;button_width&quot;:&quot;100&quot;,&quot;step_type&quot;:&quot;number_text&quot;,&quot;step_icon_shape&quot;:&quot;circle&quot;}\" data-widget_type=\"form.default\">\n\t\t\t\t<div class=\"elementor-widget-container\">\n\t\t\t\t\t\t\t<form class=\"elementor-form\" method=\"post\" name=\"New Form\" aria-label=\"New Form\">\n\t\t\t<input type=\"hidden\" name=\"post_id\" value=\"9095\"\/>\n\t\t\t<input type=\"hidden\" name=\"form_id\" value=\"1147550\"\/>\n\t\t\t<input type=\"hidden\" name=\"referer_title\" value=\"Alliances\" \/>\n\n\t\t\t\t\t\t\t<input type=\"hidden\" name=\"queried_id\" value=\"9095\"\/>\n\t\t\t\n\t\t\t<div class=\"elementor-form-fields-wrapper elementor-labels-above\">\n\t\t\t\t\t\t\t\t<div class=\"elementor-field-type-text elementor-field-group elementor-column elementor-field-group-name elementor-col-100\">\n\t\t\t\t\t\t\t\t\t\t\t\t<label for=\"form-field-name\" class=\"elementor-field-label\">\n\t\t\t\t\t\t\t\tNom\t\t\t\t\t\t\t<\/label>\n\t\t\t\t\t\t\t\t\t\t\t\t\t\t<input size=\"1\" type=\"text\" name=\"form_fields[name]\" id=\"form-field-name\" class=\"elementor-field elementor-size-sm  elementor-field-textual\">\n\t\t\t\t\t\t\t\t\t\t\t<\/div>\n\t\t\t\t\t\t\t\t<div class=\"elementor-field-type-text elementor-field-group elementor-column elementor-field-group-field_05f9df1 elementor-col-100\">\n\t\t\t\t\t\t\t\t\t\t\t\t<label for=\"form-field-field_05f9df1\" class=\"elementor-field-label\">\n\t\t\t\t\t\t\t\tPr\u00e9nom\t\t\t\t\t\t\t<\/label>\n\t\t\t\t\t\t\t\t\t\t\t\t\t\t<input size=\"1\" type=\"text\" name=\"form_fields[field_05f9df1]\" id=\"form-field-field_05f9df1\" class=\"elementor-field elementor-size-sm  elementor-field-textual\">\n\t\t\t\t\t\t\t\t\t\t\t<\/div>\n\t\t\t\t\t\t\t\t<div class=\"elementor-field-type-tel elementor-field-group elementor-column elementor-field-group-field_24776b5 elementor-col-100\">\n\t\t\t\t\t\t\t\t\t\t\t\t<label for=\"form-field-field_24776b5\" class=\"elementor-field-label\">\n\t\t\t\t\t\t\t\tT\u00e9l\u00e9phone\t\t\t\t\t\t\t<\/label>\n\t\t\t\t\t\t\t\t<input size=\"1\" type=\"tel\" name=\"form_fields[field_24776b5]\" id=\"form-field-field_24776b5\" class=\"elementor-field elementor-size-sm  elementor-field-textual\" pattern=\"[0-9()#&amp;+*-=.]+\" title=\"Only numbers and phone characters (#, -, *, etc) are accepted.\">\n\n\t\t\t\t\t\t<\/div>\n\t\t\t\t\t\t\t\t<div class=\"elementor-field-type-email elementor-field-group elementor-column elementor-field-group-email elementor-col-100 elementor-field-required\">\n\t\t\t\t\t\t\t\t\t\t\t\t<label for=\"form-field-email\" class=\"elementor-field-label\">\n\t\t\t\t\t\t\t\tEmail\t\t\t\t\t\t\t<\/label>\n\t\t\t\t\t\t\t\t\t\t\t\t\t\t<input size=\"1\" type=\"email\" name=\"form_fields[email]\" id=\"form-field-email\" class=\"elementor-field elementor-size-sm  elementor-field-textual\" required=\"required\">\n\t\t\t\t\t\t\t\t\t\t\t<\/div>\n\t\t\t\t\t\t\t\t<div class=\"elementor-field-type-textarea elementor-field-group elementor-column elementor-field-group-message elementor-col-100\">\n\t\t\t\t\t\t\t\t\t\t\t\t<label for=\"form-field-message\" class=\"elementor-field-label\">\n\t\t\t\t\t\t\t\tMessage\t\t\t\t\t\t\t<\/label>\n\t\t\t\t\t\t<textarea class=\"elementor-field-textual elementor-field  elementor-size-sm\" name=\"form_fields[message]\" id=\"form-field-message\" rows=\"4\"><\/textarea>\t\t\t\t<\/div>\n\t\t\t\t\t\t\t\t<div class=\"elementor-field-group elementor-column elementor-field-type-submit elementor-col-100 e-form__buttons\">\n\t\t\t\t\t<button class=\"elementor-button elementor-size-sm\" type=\"submit\">\n\t\t\t\t\t\t<span class=\"elementor-button-content-wrapper\">\n\t\t\t\t\t\t\t\t\t\t\t\t\t\t\t\t\t\t\t\t\t\t<span class=\"elementor-button-text\">Envoyer<\/span>\n\t\t\t\t\t\t\t\t\t\t\t\t\t<\/span>\n\t\t\t\t\t<\/button>\n\t\t\t\t<\/div>\n\t\t\t<\/div>\n\t\t<\/form>\n\t\t\t\t\t\t<\/div>\n\t\t\t\t<\/div>\n\t\t\t\t\t<\/div>\n\t\t<\/div>\n\t\t\t\t\t<\/div>\n\t\t<\/section>\n\t\t\t\t<\/div>\n\t\t","protected":false},"excerpt":{"rendered":"<p>Colayco propose un service de cr\u00e9ation d&rsquo;alliances sur rendez-vous et sur devis. Nous sommes convaincus que chaque client est unique et m\u00e9rite une solution sur mesure, adapt\u00e9e \u00e0 ses besoins sp\u00e9cifiques. Nous travaillons en \u00e9troite collaboration avec nos clients pour cr\u00e9er des alliances personnalis\u00e9es qui refl\u00e8tent leur style et leurs&hellip;<\/p>","protected":false},"author":1,"featured_media":0,"parent":0,"menu_order":0,"comment_status":"closed","ping_status":"closed","template":"","meta":{"footnotes":""},"class_list":["post-9095","page","type-page","status-publish","hentry"],"_links":{"self":[{"href":"https:\/\/www.colayco.ch\/en\/wp-json\/wp\/v2\/pages\/9095","targetHints":{"allow":["GET"]}}],"collection":[{"href":"https:\/\/www.colayco.ch\/en\/wp-json\/wp\/v2\/pages"}],"about":[{"href":"https:\/\/www.colayco.ch\/en\/wp-json\/wp\/v2\/types\/page"}],"author":[{"embeddable":true,"href":"https:\/\/www.colayco.ch\/en\/wp-json\/wp\/v2\/users\/1"}],"replies":[{"embeddable":true,"href":"https:\/\/www.colayco.ch\/en\/wp-json\/wp\/v2\/comments?post=9095"}],"version-history":[{"count":75,"href":"https:\/\/www.colayco.ch\/en\/wp-json\/wp\/v2\/pages\/9095\/revisions"}],"predecessor-version":[{"id":38812,"href":"https:\/\/www.colayco.ch\/en\/wp-json\/wp\/v2\/pages\/9095\/revisions\/38812"}],"wp:attachment":[{"href":"https:\/\/www.colayco.ch\/en\/wp-json\/wp\/v2\/media?parent=9095"}],"curies":[{"name":"wp","href":"https:\/\/api.w.org\/{rel}","templated":true}]}}