{"id":36432,"date":"2023-03-29T16:15:25","date_gmt":"2023-03-29T14:15:25","guid":{"rendered":"https:\/\/www.colayco.ch\/?post_type=product&#038;p=36432"},"modified":"2024-06-25T11:30:16","modified_gmt":"2024-06-25T09:30:16","slug":"bague-croix","status":"publish","type":"product","link":"https:\/\/www.colayco.ch\/en\/product\/bague-croix\/","title":{"rendered":"CROSS Ring"},"content":{"rendered":"<p>Comme tous nos bijoux sont fabriqu\u00e9s individuellement et \u00e0 la main, il se peut que le d\u00e9lai soit un peu plus long sur certaines commandes. N&rsquo;h\u00e9sitez pas \u00e0 nous contacter et nous vous renseignerons volontiers sur la disponibilit\u00e9.<\/p>","protected":false},"excerpt":{"rendered":"<p>CROSS ring, 925\/1000 Sterling silver<\/p>","protected":false},"featured_media":36416,"template":"","meta":[],"product_brand":[],"product_cat":[30,155],"product_tag":[],"class_list":{"0":"post-36432","1":"product","2":"type-product","3":"status-publish","4":"has-post-thumbnail","6":"product_cat-bagues","7":"product_cat-tout-les-bijoux","9":"first","10":"instock","11":"taxable","12":"shipping-taxable","13":"purchasable","14":"product-type-variable"},"_links":{"self":[{"href":"https:\/\/www.colayco.ch\/en\/wp-json\/wp\/v2\/product\/36432","targetHints":{"allow":["GET"]}}],"collection":[{"href":"https:\/\/www.colayco.ch\/en\/wp-json\/wp\/v2\/product"}],"about":[{"href":"https:\/\/www.colayco.ch\/en\/wp-json\/wp\/v2\/types\/product"}],"wp:featuredmedia":[{"embeddable":true,"href":"https:\/\/www.colayco.ch\/en\/wp-json\/wp\/v2\/media\/36416"}],"wp:attachment":[{"href":"https:\/\/www.colayco.ch\/en\/wp-json\/wp\/v2\/media?parent=36432"}],"wp:term":[{"taxonomy":"product_brand","embeddable":true,"href":"https:\/\/www.colayco.ch\/en\/wp-json\/wp\/v2\/product_brand?post=36432"},{"taxonomy":"product_cat","embeddable":true,"href":"https:\/\/www.colayco.ch\/en\/wp-json\/wp\/v2\/product_cat?post=36432"},{"taxonomy":"product_tag","embeddable":true,"href":"https:\/\/www.colayco.ch\/en\/wp-json\/wp\/v2\/product_tag?post=36432"}],"curies":[{"name":"wp","href":"https:\/\/api.w.org\/{rel}","templated":true}]}}