{"id":37072,"date":"2023-04-28T15:18:42","date_gmt":"2023-04-28T13:18:42","guid":{"rendered":"https:\/\/www.colayco.ch\/?post_type=product&#038;p=37072"},"modified":"2023-06-16T10:13:10","modified_gmt":"2023-06-16T08:13:10","slug":"collier-drop","status":"publish","type":"product","link":"https:\/\/www.colayco.ch\/en\/product\/collier-drop\/","title":{"rendered":"Collier SLOANE"},"content":{"rendered":"<p>&nbsp;<\/p>\n<p>&nbsp;<\/p>","protected":false},"excerpt":{"rendered":"<p>Collier SLAONE en argent 925\/1000 serti de cubic zirconia. La longueur de la cha\u00eene est de 38cm ajustable \u00e0 42cm gr\u00e2ce \u00e0 la cha\u00eenette d&rsquo;ajustement.<\/p>","protected":false},"featured_media":37040,"template":"","meta":[],"product_brand":[],"product_cat":[33,155],"product_tag":[],"class_list":{"0":"post-37072","1":"product","2":"type-product","3":"status-publish","4":"has-post-thumbnail","6":"product_cat-colliers","7":"product_cat-tout-les-bijoux","9":"first","10":"instock","11":"taxable","12":"shipping-taxable","13":"purchasable","14":"product-type-simple"},"_links":{"self":[{"href":"https:\/\/www.colayco.ch\/en\/wp-json\/wp\/v2\/product\/37072","targetHints":{"allow":["GET"]}}],"collection":[{"href":"https:\/\/www.colayco.ch\/en\/wp-json\/wp\/v2\/product"}],"about":[{"href":"https:\/\/www.colayco.ch\/en\/wp-json\/wp\/v2\/types\/product"}],"wp:featuredmedia":[{"embeddable":true,"href":"https:\/\/www.colayco.ch\/en\/wp-json\/wp\/v2\/media\/37040"}],"wp:attachment":[{"href":"https:\/\/www.colayco.ch\/en\/wp-json\/wp\/v2\/media?parent=37072"}],"wp:term":[{"taxonomy":"product_brand","embeddable":true,"href":"https:\/\/www.colayco.ch\/en\/wp-json\/wp\/v2\/product_brand?post=37072"},{"taxonomy":"product_cat","embeddable":true,"href":"https:\/\/www.colayco.ch\/en\/wp-json\/wp\/v2\/product_cat?post=37072"},{"taxonomy":"product_tag","embeddable":true,"href":"https:\/\/www.colayco.ch\/en\/wp-json\/wp\/v2\/product_tag?post=37072"}],"curies":[{"name":"wp","href":"https:\/\/api.w.org\/{rel}","templated":true}]}}