{"id":3733,"date":"2020-01-25T11:24:06","date_gmt":"2020-01-25T10:24:06","guid":{"rendered":"https:\/\/www.colayco.ch\/?post_type=product&#038;p=3733"},"modified":"2023-11-22T15:03:26","modified_gmt":"2023-11-22T14:03:26","slug":"collier-mini-cercles-billes","status":"publish","type":"product","link":"https:\/\/www.colayco.ch\/en\/product\/collier-mini-cercles-billes\/","title":{"rendered":"LOUISE Necklace"},"content":{"rendered":"<p>Comme tous nos bijoux sont fabriqu\u00e9s individuellement et \u00e0 la main, il se peut que le d\u00e9lai soit un peu plus long sur certaines commandes. N&rsquo;h\u00e9sitez pas \u00e0 nous contacter et nous vous renseignerons volontiers sur la disponibilit\u00e9.<\/p>","protected":false},"excerpt":{"rendered":"<p>LOUISE necklace, 925\/1000 Sterling silver<\/p>\n<p>The length is adjustable from 38cm to 42cm thanks to the adjustment chain<\/p>","protected":false},"featured_media":36081,"template":"","meta":[],"product_brand":[],"product_cat":[33,175,155],"product_tag":[],"class_list":{"0":"post-3733","1":"product","2":"type-product","3":"status-publish","4":"has-post-thumbnail","6":"product_cat-colliers","7":"product_cat-promo","8":"product_cat-tout-les-bijoux","9":"product_shipping_class-ag","11":"first","12":"instock","13":"taxable","14":"shipping-taxable","15":"purchasable","16":"product-type-simple"},"_links":{"self":[{"href":"https:\/\/www.colayco.ch\/en\/wp-json\/wp\/v2\/product\/3733","targetHints":{"allow":["GET"]}}],"collection":[{"href":"https:\/\/www.colayco.ch\/en\/wp-json\/wp\/v2\/product"}],"about":[{"href":"https:\/\/www.colayco.ch\/en\/wp-json\/wp\/v2\/types\/product"}],"wp:featuredmedia":[{"embeddable":true,"href":"https:\/\/www.colayco.ch\/en\/wp-json\/wp\/v2\/media\/36081"}],"wp:attachment":[{"href":"https:\/\/www.colayco.ch\/en\/wp-json\/wp\/v2\/media?parent=3733"}],"wp:term":[{"taxonomy":"product_brand","embeddable":true,"href":"https:\/\/www.colayco.ch\/en\/wp-json\/wp\/v2\/product_brand?post=3733"},{"taxonomy":"product_cat","embeddable":true,"href":"https:\/\/www.colayco.ch\/en\/wp-json\/wp\/v2\/product_cat?post=3733"},{"taxonomy":"product_tag","embeddable":true,"href":"https:\/\/www.colayco.ch\/en\/wp-json\/wp\/v2\/product_tag?post=3733"}],"curies":[{"name":"wp","href":"https:\/\/api.w.org\/{rel}","templated":true}]}}