{"id":4588,"date":"2020-04-10T20:36:17","date_gmt":"2020-04-10T18:36:17","guid":{"rendered":"https:\/\/www.colayco.ch\/?post_type=product&#038;p=4588"},"modified":"2023-11-22T15:17:04","modified_gmt":"2023-11-22T14:17:04","slug":"bague-bulles","status":"publish","type":"product","link":"https:\/\/www.colayco.ch\/en\/product\/bague-bulles\/","title":{"rendered":"BUBBLES Ring"},"content":{"rendered":"<p>Ce mod\u00e8le est cr\u00e9\u00e9 individuellement \u00e0 votre taille. Pr\u00e9voyez un d\u00e9lai de 3 semaines! Nous restons naturellement \u00e0 disposition pour tout renseignement compl\u00e9mentaire par email ou par t\u00e9l\u00e9phone.<\/p>","protected":false},"excerpt":{"rendered":"<p>BUBBLEs ring, 750\/1000 yellow gold set with 6 rose-cut diamonds.<\/p>\n<p>The carat weight, the number of stones, and the dimensions of this ring may vary depending on the ordered size. Contact us for more information.<\/p>\n<p>Delivery time: 10 days<\/p>","protected":false},"featured_media":36050,"template":"","meta":[],"product_brand":[],"product_cat":[30,93,155],"product_tag":[],"class_list":{"0":"post-4588","1":"product","2":"type-product","3":"status-publish","4":"has-post-thumbnail","6":"product_cat-bagues","7":"product_cat-colayco-gold","8":"product_cat-tout-les-bijoux","10":"first","11":"instock","12":"taxable","13":"shipping-taxable","14":"purchasable","15":"product-type-variable"},"_links":{"self":[{"href":"https:\/\/www.colayco.ch\/en\/wp-json\/wp\/v2\/product\/4588","targetHints":{"allow":["GET"]}}],"collection":[{"href":"https:\/\/www.colayco.ch\/en\/wp-json\/wp\/v2\/product"}],"about":[{"href":"https:\/\/www.colayco.ch\/en\/wp-json\/wp\/v2\/types\/product"}],"wp:featuredmedia":[{"embeddable":true,"href":"https:\/\/www.colayco.ch\/en\/wp-json\/wp\/v2\/media\/36050"}],"wp:attachment":[{"href":"https:\/\/www.colayco.ch\/en\/wp-json\/wp\/v2\/media?parent=4588"}],"wp:term":[{"taxonomy":"product_brand","embeddable":true,"href":"https:\/\/www.colayco.ch\/en\/wp-json\/wp\/v2\/product_brand?post=4588"},{"taxonomy":"product_cat","embeddable":true,"href":"https:\/\/www.colayco.ch\/en\/wp-json\/wp\/v2\/product_cat?post=4588"},{"taxonomy":"product_tag","embeddable":true,"href":"https:\/\/www.colayco.ch\/en\/wp-json\/wp\/v2\/product_tag?post=4588"}],"curies":[{"name":"wp","href":"https:\/\/api.w.org\/{rel}","templated":true}]}}