{"id":5221,"date":"2020-04-12T15:55:08","date_gmt":"2020-04-12T13:55:08","guid":{"rendered":"https:\/\/www.colayco.ch\/?post_type=product&#038;p=5221"},"modified":"2025-12-11T20:22:09","modified_gmt":"2025-12-11T19:22:09","slug":"bon-cadeau-colayco","status":"publish","type":"product","link":"https:\/\/www.colayco.ch\/en\/product\/bon-cadeau-colayco\/","title":{"rendered":"Colayco Gift card"},"content":{"rendered":"<p>Faites livrer un bon cadeau \u00e0 la personne souhait\u00e9e! N&rsquo;h\u00e9sitez pas \u00e0 nous contacter pour personnaliser le montant ou pour demander un code pour le e-shop. En effet, il sont pr\u00e9vus pour les achats en magasin, mais nous pouvons faire le n\u00e9cessaire.<\/p>","protected":false},"excerpt":{"rendered":"<p>Bon cadeau sans date d&rsquo;\u00e9ch\u00e9ance<\/p>","protected":false},"featured_media":37891,"template":"","meta":[],"product_brand":[],"product_cat":[118,155],"product_tag":[],"class_list":{"0":"post-5221","1":"product","2":"type-product","3":"status-publish","4":"has-post-thumbnail","6":"product_cat-bons-cadeaux","7":"product_cat-tout-les-bijoux","9":"first","10":"instock","11":"taxable","12":"shipping-taxable","13":"purchasable","14":"product-type-variable"},"_links":{"self":[{"href":"https:\/\/www.colayco.ch\/en\/wp-json\/wp\/v2\/product\/5221","targetHints":{"allow":["GET"]}}],"collection":[{"href":"https:\/\/www.colayco.ch\/en\/wp-json\/wp\/v2\/product"}],"about":[{"href":"https:\/\/www.colayco.ch\/en\/wp-json\/wp\/v2\/types\/product"}],"wp:featuredmedia":[{"embeddable":true,"href":"https:\/\/www.colayco.ch\/en\/wp-json\/wp\/v2\/media\/37891"}],"wp:attachment":[{"href":"https:\/\/www.colayco.ch\/en\/wp-json\/wp\/v2\/media?parent=5221"}],"wp:term":[{"taxonomy":"product_brand","embeddable":true,"href":"https:\/\/www.colayco.ch\/en\/wp-json\/wp\/v2\/product_brand?post=5221"},{"taxonomy":"product_cat","embeddable":true,"href":"https:\/\/www.colayco.ch\/en\/wp-json\/wp\/v2\/product_cat?post=5221"},{"taxonomy":"product_tag","embeddable":true,"href":"https:\/\/www.colayco.ch\/en\/wp-json\/wp\/v2\/product_tag?post=5221"}],"curies":[{"name":"wp","href":"https:\/\/api.w.org\/{rel}","templated":true}]}}