{"id":6789,"date":"2020-07-17T13:34:30","date_gmt":"2020-07-17T11:34:30","guid":{"rendered":"https:\/\/www.colayco.ch\/?post_type=product&#038;p=6789"},"modified":"2023-11-22T15:32:37","modified_gmt":"2023-11-22T14:32:37","slug":"bracelet-damier","status":"publish","type":"product","link":"https:\/\/www.colayco.ch\/en\/product\/bracelet-damier\/","title":{"rendered":"INES Bracelet"},"content":{"rendered":"<p>Comme tous nos bijoux sont fabriqu\u00e9s individuellement et \u00e0 la main, il se peut que le d\u00e9lai soit un peu plus long sur certaines commandes. N&rsquo;h\u00e9sitez pas \u00e0 nous contacter et nous vous renseignerons volontiers sur la disponibilit\u00e9.<\/p>","protected":false},"excerpt":{"rendered":"<p>INES bracelet, 925\/1000 Sterling silver set with black spinel<\/p>\n<p>The length is adjustable from 15cm to 17.5cm thanks to the adjustment chain<\/p>","protected":false},"featured_media":36194,"template":"","meta":[],"product_brand":[],"product_cat":[31,155],"product_tag":[],"class_list":{"0":"post-6789","1":"product","2":"type-product","3":"status-publish","4":"has-post-thumbnail","6":"product_cat-bracelets","7":"product_cat-tout-les-bijoux","9":"first","10":"instock","11":"taxable","12":"shipping-taxable","13":"purchasable","14":"product-type-simple"},"_links":{"self":[{"href":"https:\/\/www.colayco.ch\/en\/wp-json\/wp\/v2\/product\/6789","targetHints":{"allow":["GET"]}}],"collection":[{"href":"https:\/\/www.colayco.ch\/en\/wp-json\/wp\/v2\/product"}],"about":[{"href":"https:\/\/www.colayco.ch\/en\/wp-json\/wp\/v2\/types\/product"}],"wp:featuredmedia":[{"embeddable":true,"href":"https:\/\/www.colayco.ch\/en\/wp-json\/wp\/v2\/media\/36194"}],"wp:attachment":[{"href":"https:\/\/www.colayco.ch\/en\/wp-json\/wp\/v2\/media?parent=6789"}],"wp:term":[{"taxonomy":"product_brand","embeddable":true,"href":"https:\/\/www.colayco.ch\/en\/wp-json\/wp\/v2\/product_brand?post=6789"},{"taxonomy":"product_cat","embeddable":true,"href":"https:\/\/www.colayco.ch\/en\/wp-json\/wp\/v2\/product_cat?post=6789"},{"taxonomy":"product_tag","embeddable":true,"href":"https:\/\/www.colayco.ch\/en\/wp-json\/wp\/v2\/product_tag?post=6789"}],"curies":[{"name":"wp","href":"https:\/\/api.w.org\/{rel}","templated":true}]}}